{"id":106,"date":"2023-07-08T15:42:52","date_gmt":"2023-07-08T15:42:52","guid":{"rendered":"https:\/\/painfreebirthing.com\/port\/anestesia-regional\/peridurais-e-raquianestesias-o-que-sao-elas\/"},"modified":"2023-07-08T15:42:52","modified_gmt":"2023-07-08T15:42:52","slug":"peridurais-e-raquianestesias-o-que-sao-elas","status":"publish","type":"page","link":"https:\/\/painfreebirthing.com\/port\/anestesia-regional\/peridurais-e-raquianestesias-o-que-sao-elas\/","title":{"rendered":"Peridurais e raquianestesias&#8230;o qu\u00ea s\u00e3o elas?"},"content":{"rendered":"<table>\n<tbody>\n<tr>\n<td align=\"center\" height=\"60\"><span style=\"background-color: transparent; text-align: center; color: rgb(0, 0, 0); font-size: 16px; font-family: Tahoma; \">Quando o \u00fatero contrai, impulsos de dor viajam do \u00fatero para o<br \/>\n\t\t\tc\u00e9rebro atrav\u00e9s de nervos na coluna vertebral.<\/span><span style=\"color: rgb(0, 0, 0); font-family: Tahoma, arial, verdana; font-size: medium; text-align: -webkit-center; \"><\/span><font face=\"Tahoma, arial, verdana\" size=\"3&quot;5&quot;\"><span style=\"font-weight: bold; color: #000000; \"><\/span><\/font><\/td>\n<\/tr>\n<tr>\n<td align=\"center\" height=\"434\" style=\"text-align: center; \"><img loading=\"lazy\" decoding=\"async\" width=\"288\" height=\"432\" alt=\"\" class=\"art-lightbox\" src=\"https:\/\/painfreebirthing.com\/port\/wp-content\/uploads\/2023\/07\/anat1ppw.gif\" ><\/td>\n<\/tr>\n<tr>\n<td align=\"center\" height=\"58\"><span style=\"background-color: transparent; font-family: Tahoma, sans-serif; font-size: 16px; text-align: center; color: rgb(0, 0, 0); \">Anestesias peridural e espinhal (raquianestesia) envolvem a<br \/>\n\t\t\taplica\u00e7\u00e3o de anest\u00e9sicos locais dentro da coluna vertebral para<br \/>\n\t\t\tbloquear impulsos de dor provenientes do \u00fatero.<\/span><span style=\"color: rgb(0, 0, 0); font-family: Tahoma, arial, verdana; font-size: medium; text-align: -webkit-center; \"><\/span><font face=\"Tahoma, arial, verdana\" size=\"3\"><span style=\"color: rgb(0, 0, 0); \"><\/span><\/font><\/td>\n<\/tr>\n<tr>\n<td align=\"center\" height=\"434\" style=\"text-align: center; \"><img loading=\"lazy\" decoding=\"async\" width=\"360\" height=\"432\" alt=\"\" class=\"art-lightbox\" src=\"https:\/\/painfreebirthing.com\/port\/wp-content\/uploads\/2023\/07\/Copy-of-anat2ppw.gif\" ><\/td>\n<\/tr>\n<tr>\n<td align=\"center\" height=\"21\" style=\"text-align: center; \"><a href=\"\/anestesia-regional\/peridurais-e-raquianestesias-o-que-sao-elas\/coluna-vertebral\" target=\"_parent\" rel=\"noopener\">Clique abaixo para ler o pr\u00f3ximo \u00edtem<\/a><span style=\"background-color: transparent; color: rgb(0, 0, 255); font-family: Helvetica, sans-serif; font-size: 16px; font-weight: 400; \"><\/span><span style=\"color: rgb(0, 0, 0); font-family: Tahoma; font-size: medium;\"><br \/><\/span><br \/><span style=\"color: rgb(0, 0, 0); font-family: Tahoma, arial, verdana; font-size: medium;\"><\/span><\/td>\n<\/tr>\n<\/tbody>\n<\/table>\n<p><\/p>\n","protected":false},"excerpt":{"rendered":"<p>Quando o \u00fatero contrai, impulsos de dor viajam do \u00fatero para o c\u00e9rebro atrav\u00e9s de nervos na coluna vertebral. Anestesias peridural e espinhal (raquianestesia) envolvem a aplica\u00e7\u00e3o de anest\u00e9sicos locais dentro da coluna vertebral para bloquear impulsos de dor provenientes do \u00fatero. Clique abaixo para ler o pr\u00f3ximo \u00edtem<\/p>\n","protected":false},"author":1,"featured_media":0,"parent":104,"menu_order":20,"comment_status":"closed","ping_status":"closed","template":"","meta":{"footnotes":""},"class_list":["post-106","page","type-page","status-publish","hentry"],"_links":{"self":[{"href":"https:\/\/painfreebirthing.com\/port\/wp-json\/wp\/v2\/pages\/106","targetHints":{"allow":["GET"]}}],"collection":[{"href":"https:\/\/painfreebirthing.com\/port\/wp-json\/wp\/v2\/pages"}],"about":[{"href":"https:\/\/painfreebirthing.com\/port\/wp-json\/wp\/v2\/types\/page"}],"author":[{"embeddable":true,"href":"https:\/\/painfreebirthing.com\/port\/wp-json\/wp\/v2\/users\/1"}],"replies":[{"embeddable":true,"href":"https:\/\/painfreebirthing.com\/port\/wp-json\/wp\/v2\/comments?post=106"}],"version-history":[{"count":0,"href":"https:\/\/painfreebirthing.com\/port\/wp-json\/wp\/v2\/pages\/106\/revisions"}],"up":[{"embeddable":true,"href":"https:\/\/painfreebirthing.com\/port\/wp-json\/wp\/v2\/pages\/104"}],"wp:attachment":[{"href":"https:\/\/painfreebirthing.com\/port\/wp-json\/wp\/v2\/media?parent=106"}],"curies":[{"name":"wp","href":"https:\/\/api.w.org\/{rel}","templated":true}]}}