{"id":104,"date":"2023-07-08T15:42:50","date_gmt":"2023-07-08T15:42:50","guid":{"rendered":"https:\/\/painfreebirthing.com\/port\/anestesia-regional\/"},"modified":"2023-07-08T15:42:50","modified_gmt":"2023-07-08T15:42:50","slug":"anestesia-regional","status":"publish","type":"page","link":"https:\/\/painfreebirthing.com\/port\/anestesia-regional\/","title":{"rendered":"Anestesia regional"},"content":{"rendered":"<p style=\"margin-top: 10px; margin-bottom: 10px; color: rgb(61, 61, 61); font-weight: 400;\"><span style=\"font-family: Tahoma; font-size: 16px;\"><span lang=\"PT-BR\" style=\"background-color: transparent; color: rgb(255, 0, 0); font-weight: 400;\"><a href=\"\/anestesia-regional\/metodos-de-anestesia-regional\" target=\"_parent\" rel=\"noopener\"><span style=\"color: rgb(0, 0, 0); \">M\u00e9todos<br \/>\n\tde anestesia regional<\/span><\/a><\/span><a href=\"\/regional-pain-relif-of-labor-pain\/veri-tipi-di-anestesia\" target=\"_parent\" rel=\"noopener\"><span style=\"color: #000000;\"><\/span><\/a><span style=\"line-height: 31px; color: #000000;\"><\/span><a href=\"\/regional-pain-relif-of-labor-pain\/methods-of-regional-pain-relief\" target=\"_parent\" rel=\"noopener\"><span style=\"color: #000000;\"><\/span><\/a><\/span><\/p>\n<p style=\"margin-top: 10px; margin-bottom: 10px; color: #3D3D3D; font-weight: 400;\"><span style=\"font-family: Tahoma; font-size: 16px; color: #000000;\"><a href=\"file:\/\/\/E:\/Me\/JDmain\/Obgweb\/Brazil\/positionb.htm\"><\/a><br \/>\n\t<a href=\"\/anestesia-regional\/peridurais-e-raquianestesias-o-que-sao-elas\" style=\"background-color: transparent; color: rgb(0, 102, 204); font-weight: 400;\" target=\"_parent\" rel=\"noopener\"><span lang=\"PT-BR\" style=\"color: rgb(0, 0, 0); \">Peridurais e raquianestesias&#8230;o qu\u00ea s\u00e3o elas?<\/span><\/a><a href=\"\/regional-pain-relif-of-labor-pain\/epidurale-o-spinale-cosa-sono\" target=\"_parent\" rel=\"noopener\"><span style=\"color: #000000;\"><\/span><\/a><span style=\"color: #878787; line-height: 31px;\"><\/span><a href=\"\/regional-pain-relif-of-labor-pain\/epidurals-and-spinals-what-are-they\" target=\"_parent\" rel=\"noopener\"><span style=\"color: #000000;\"><\/span><\/a><\/span><\/p>\n<p style=\"margin-top: 10px; margin-bottom: 10px; color: #3D3D3D; font-weight: 400;\"><span style=\"font-family: Tahoma; font-size: 16px;\"><span lang=\"PT-BR\" style=\"background-color: transparent; color: #FF0000; font-weight: 400;\"><a href=\"\/anestesia-regional\/como-devo-me-posicionar\" target=\"_parent\" rel=\"noopener\"><span style=\"color: rgb(0, 0, 0); \">Como<br \/>\n\tdevo me posicionar?<\/span><\/a><\/span><a href=\"\/regional-pain-relif-of-labor-pain\/come-mi-posiziono-per-linserzione-della-epidurale\" target=\"_parent\" rel=\"noopener\"><span style=\"color: #000000;\"><span style=\"line-height: 31px;\"><\/span><\/span><\/a><\/span><\/p>\n<p style=\"margin-top: 10px; margin-bottom: 10px; color: #3D3D3D; font-weight: 400;\"><span style=\"font-family: Tahoma; font-size: 16px;\"><a href=\"file:\/\/\/E:\/Me\/JDmain\/Obgweb\/Brazil\/epidprocb.htm\"><br \/>\n\t<\/a><a href=\"\/anestesia-regional\/procedimento-atual\" style=\"background-color: transparent; color: rgb(0, 102, 204); font-weight: 400;\" target=\"_parent\" rel=\"noopener\"><span lang=\"PT-BR\" style=\"color: rgb(0, 0, 0); \">Procedimento atual<\/span><\/a><\/span><a href=\"\/regional-pain-relif-of-labor-pain\/tecnica-per-l-inserzione-dell-epidurale-per-il-travaglio\" target=\"_parent\" style=\"font-size: 16px; cursor: pointer;\" rel=\"noopener\"><span style=\"color: rgb(0, 0, 0);\"><\/span><\/a><span style=\"line-height: 31px; font-size: 16px; font-family: Tahoma; color: #000000;\"><\/span><span style=\"font-family: Tahoma; font-size: 16px;\"><span style=\"line-height: 31px; color: #000000;\"><\/span><\/span><a href=\"\/regional-pain-relif-of-labor-pain\/tecnica-per-l-inserzione-dell-epidurale-per-il-travaglio\" target=\"_parent\" rel=\"noopener\"><span style=\"color: rgb(0, 0, 0); font-family: Tahoma; font-size: 16px;\"><\/span><\/a><\/p>\n<p><\/p>\n","protected":false},"excerpt":{"rendered":"<p>M\u00e9todos de anestesia regional Peridurais e raquianestesias&#8230;o qu\u00ea s\u00e3o elas? Como devo me posicionar? Procedimento atual<\/p>\n","protected":false},"author":1,"featured_media":0,"parent":0,"menu_order":18,"comment_status":"closed","ping_status":"closed","template":"","meta":{"footnotes":""},"class_list":["post-104","page","type-page","status-publish","hentry"],"_links":{"self":[{"href":"https:\/\/painfreebirthing.com\/port\/wp-json\/wp\/v2\/pages\/104","targetHints":{"allow":["GET"]}}],"collection":[{"href":"https:\/\/painfreebirthing.com\/port\/wp-json\/wp\/v2\/pages"}],"about":[{"href":"https:\/\/painfreebirthing.com\/port\/wp-json\/wp\/v2\/types\/page"}],"author":[{"embeddable":true,"href":"https:\/\/painfreebirthing.com\/port\/wp-json\/wp\/v2\/users\/1"}],"replies":[{"embeddable":true,"href":"https:\/\/painfreebirthing.com\/port\/wp-json\/wp\/v2\/comments?post=104"}],"version-history":[{"count":0,"href":"https:\/\/painfreebirthing.com\/port\/wp-json\/wp\/v2\/pages\/104\/revisions"}],"wp:attachment":[{"href":"https:\/\/painfreebirthing.com\/port\/wp-json\/wp\/v2\/media?parent=104"}],"curies":[{"name":"wp","href":"https:\/\/api.w.org\/{rel}","templated":true}]}}