{"id":102,"date":"2023-07-08T15:42:48","date_gmt":"2023-07-08T15:42:48","guid":{"rendered":"https:\/\/painfreebirthing.com\/port\/metodos-alternativos-de-alivio-da-dor-durante-o-parto\/toque-e-massagem\/"},"modified":"2023-07-08T15:42:48","modified_gmt":"2023-07-08T15:42:48","slug":"toque-e-massagem","status":"publish","type":"page","link":"https:\/\/painfreebirthing.com\/port\/metodos-alternativos-de-alivio-da-dor-durante-o-parto\/toque-e-massagem\/","title":{"rendered":"Toque e Massagem"},"content":{"rendered":"<p align=\"left\" style=\"color: rgb(0, 0, 0); font-family: 'Times New Roman'; font-size: medium; font-weight: 400;\"><font face=\"Tahoma, arial, verdana\" size=\"3\"><br \/><\/font><\/p>\n<p align=\"left\" style=\"background-color: transparent; color: rgb(0, 0, 0); font-weight: 400; text-align: left;\"><span lang=\"PT-BR\" style=\"font-family: Tahoma; font-size: 16px; color: #000000;\">Muitas m\u00e3es apreciam o toque e massagem durante o parto. Geralmente,<br \/>\n\t\t\to respons\u00e1vel por tal a\u00e7\u00e3o \u00e9 o companheiro ou algu\u00e9m que esteja<br \/>\n\t\t\tdando apoio. Apesar de n\u00e3o haver muitos bons estudos a respeito do<br \/>\n\t\t\tbeneficio do toque e da massagem, \u00e9 evidente que as m\u00e3es recebem<br \/>\n\t\t\talivio emocional e f\u00edsico significativo.<\/span><\/p>\n<p align=\"left\" style=\"background-color: transparent; color: #000000; font-weight: 400; text-align: left;\"><b style=\"font-family: Tahoma; font-size: 16px;\"><br \/>\n\t\t\t<span lang=\"PT-BR\" style=\"color: #000000;\">T\u00e9cnica-<\/span><\/b><\/p>\n<p align=\"left\" style=\"background-color: transparent; color: #000000; font-weight: 400; text-align: left;\">\n\t\t\t<span style=\"font-family: Tahoma; font-size: 16px; color: #000000;\"><span lang=\"PT-BR\" style=\"color: #000000;\"><br \/>\n\t\t\tO toque terap\u00eautico e a massagem podem incluir uma ampla variedade<br \/>\n\t\t\tde interven\u00e7\u00f5es manuais como massagem terap\u00eautica e at\u00e9 mesmo<br \/>\n\t\t\tcafun\u00e9. Isso pode incluir o uso das m\u00e3os, ponta dos dedos ou<br \/>\n\t\t\tdispositivos para aplicar press\u00e3o capaz de aliviar a dor e facilitar<br \/>\n\t\t\to relaxamento. As m\u00e3es podem ser capazes de suportar melhor a dor do<br \/>\n\t\t\tparto com um relaxamento adequado e menor n\u00edvel de ansiedade.<\/span><br \/>\n\t\t\t<\/span><\/p>\n<p align=\"left\" style=\"background-color: transparent; color: #000000; font-weight: 400; text-align: left;\">\n\t\t\t<span style=\"font-family: Tahoma; font-size: 16px; color: #000000;\"><span lang=\"PT-BR\" style=\"color: #000000;\"><br \/>\n\t\t\tMuitas mulheres sentem dor lombar associada com a posi\u00e7\u00e3o posterior<br \/>\n\t\t\tda cabe\u00e7a do beb\u00ea. Massagem com press\u00e3o nessa \u00e1rea pode fornecer<br \/>\n\t\t\tal\u00edvio dessa dor. Esse alivio \u00e9 proveniente da redu\u00e7\u00e3o do estresse,<br \/>\n\t\t\tdistra\u00e7\u00e3o ou estimula\u00e7\u00e3o de outros receptores do organismo.<\/span><br \/>\n\t\t\t<\/span><\/p>\n<p align=\"left\" style=\"background-color: transparent; color: #000000; font-weight: 400; text-align: left;\"><span style=\"font-family: Tahoma; font-size: 16px; color: #000000;\"><b><br \/>\n\t\t\t<span lang=\"PT-BR\" style=\"color: #000000;\"><br \/>\n\t\t\tLimita\u00e7\u00f5es<\/span><\/b><span lang=\"PT-BR\" style=\"color: #000000;\">&#8211;<br \/>\n\t\t\to beneficio de alivio da dor com essa modalidade n\u00e3o demonstrou<br \/>\n\t\t\treduzir a utiliza\u00e7\u00e3o de medica\u00e7\u00e3o para dor ou outras interven\u00e7\u00f5es<br \/>\n\t\t\tm\u00e9dicas. O al\u00edvio da dor durante o parto aparentemente dura 30<br \/>\n\t\t\tminutos quando massagem ou press\u00e3o profunda s\u00e3o utilizadas.<br \/>\n\t\t\tPortanto, pode ser que a massagem funcione melhor quando realizada<br \/>\n\t\t\tem per\u00edodos intervalados de 30 minutos.<\/span>&nbsp;<\/p>\n<p>\t\t\t<\/span><\/p>\n<p align=\"left\" style=\"background-color: transparent; color: #000000; font-weight: 400; text-align: left;\">\n\t\t\t<span lang=\"PT-BR\" style=\"font-family: Tahoma; font-size: 16px; color: #000000;\"><br \/>\n\t\t\tA informa\u00e7\u00e3o \u00e0 cima foi obtida a partir das publica\u00e7\u00f5es a seguir.<br \/>\n\t\t\tCaso voc\u00ea queira ainda mais informa\u00e7\u00f5es a respeito da t\u00e9cnica de<br \/>\n\t\t\ttoque e massagem n\u00f3s sugerimos a leitura dos textos e a discuss\u00e3o do<br \/>\n\t\t\tassunto com seu obstetra.<\/span><\/p>\n<p align=\"left\" style=\"background-color: transparent; color: #000000; font-weight: 400; text-align: left;\">\n\t\t\t<span style=\"font-family: Tahoma; font-size: 16px; color: #000000;\">Simkin<br \/>\n\t\t\tP.,Nonpharmacologic relief of pain during labor:Systematic reviews<br \/>\n\t\t\tof five methods, Am J Obstet gynecol, 2002 Volume 186, Number 5<br \/>\n\t\t\t,S131-159&nbsp;<\/span><\/p>\n<p align=\"left\" style=\"background-color: transparent; color: #000000; font-weight: 400; text-align: left;\">\n\t\t\t<span style=\"color: #FF0000; font-family: Tahoma; font-size: 16px;\"><span style=\"color: #000000;\">Murray<br \/>\n\t\t\tEnkin, A Guide to Effective Care in Pregnancy and Childbirth, 3rd<br \/>\n\t\t\tEd., Oxford University Press, 2000<\/span><\/span><\/p>\n<p align=\"left\" style=\"background-color: transparent; color: #000000; font-weight: 400; text-align: left;\"><span style=\"color: #FF0000; font-family: Tahoma; font-size: 16px;\"><span style=\"color: #000000;\"><br \/><\/span><\/span><\/p>\n<p align=\"left\" style=\"background-color: transparent; color: rgb(0, 0, 0); font-weight: 400; text-align: center;\"><a href=\"\/metodos-alternativos-de-alivio-da-dor-durante-o-parto\/movimentacao-materna-e-mudancas-posicionais-durante-o-trabalho-de-parto\" target=\"_parent\" rel=\"noopener\">Clique abaixo para ler o pr\u00f3ximo \u00edtem<\/a><span style=\"background-color: transparent; color: rgb(0, 0, 255); font-family: Helvetica, sans-serif; font-size: 16px; font-weight: 400; text-align: center;\"><\/span><span style=\"color: #FF0000; font-family: Tahoma; font-size: 16px;\"><span style=\"color: #000000;\"><br \/><\/span><\/span><\/p>\n<p align=\"left\" style=\"font-family: 'Times New Roman'; font-size: medium; font-weight: 400;\"><font face=\"Tahoma, arial, verdana\" size=\"3\"><font face=\"Tahoma\"><span style=\"color: #000000;\"><\/span><\/font><\/font><\/p>\n<p align=\"center\" style=\"font-family: 'Times New Roman'; font-size: medium; font-weight: 400;\"><font face=\"Tahoma, arial, verdana\" size=\"3\"><\/font><\/p>\n<p><\/p>\n","protected":false},"excerpt":{"rendered":"<p>Muitas m\u00e3es apreciam o toque e massagem durante o parto. Geralmente, o respons\u00e1vel por tal a\u00e7\u00e3o \u00e9 o companheiro ou algu\u00e9m que esteja dando apoio. Apesar de n\u00e3o haver muitos bons estudos a respeito do beneficio do toque e da massagem, \u00e9 evidente que as m\u00e3es recebem alivio emocional e f\u00edsico significativo. T\u00e9cnica- O toque&#8230;<\/p>\n<p class=\"more-link-wrap\"><a href=\"https:\/\/painfreebirthing.com\/port\/metodos-alternativos-de-alivio-da-dor-durante-o-parto\/toque-e-massagem\/\" class=\"more-link\">Read More<span class=\"screen-reader-text\"> &ldquo;Toque e Massagem&rdquo;<\/span> &raquo;<\/a><\/p>\n","protected":false},"author":1,"featured_media":0,"parent":95,"menu_order":16,"comment_status":"closed","ping_status":"closed","template":"","meta":{"footnotes":""},"class_list":["post-102","page","type-page","status-publish","hentry"],"_links":{"self":[{"href":"https:\/\/painfreebirthing.com\/port\/wp-json\/wp\/v2\/pages\/102","targetHints":{"allow":["GET"]}}],"collection":[{"href":"https:\/\/painfreebirthing.com\/port\/wp-json\/wp\/v2\/pages"}],"about":[{"href":"https:\/\/painfreebirthing.com\/port\/wp-json\/wp\/v2\/types\/page"}],"author":[{"embeddable":true,"href":"https:\/\/painfreebirthing.com\/port\/wp-json\/wp\/v2\/users\/1"}],"replies":[{"embeddable":true,"href":"https:\/\/painfreebirthing.com\/port\/wp-json\/wp\/v2\/comments?post=102"}],"version-history":[{"count":0,"href":"https:\/\/painfreebirthing.com\/port\/wp-json\/wp\/v2\/pages\/102\/revisions"}],"up":[{"embeddable":true,"href":"https:\/\/painfreebirthing.com\/port\/wp-json\/wp\/v2\/pages\/95"}],"wp:attachment":[{"href":"https:\/\/painfreebirthing.com\/port\/wp-json\/wp\/v2\/media?parent=102"}],"curies":[{"name":"wp","href":"https:\/\/api.w.org\/{rel}","templated":true}]}}