{"id":100,"date":"2023-07-08T15:42:46","date_gmt":"2023-07-08T15:42:46","guid":{"rendered":"https:\/\/painfreebirthing.com\/port\/metodos-alternativos-de-alivio-da-dor-durante-o-parto\/acupuntura\/"},"modified":"2023-07-08T15:42:46","modified_gmt":"2023-07-08T15:42:46","slug":"acupuntura","status":"publish","type":"page","link":"https:\/\/painfreebirthing.com\/port\/metodos-alternativos-de-alivio-da-dor-durante-o-parto\/acupuntura\/","title":{"rendered":"Acupuntura"},"content":{"rendered":"<p align=\"left\" style=\"margin-top: 10px; margin-bottom: 10px; color: rgb(105, 105, 105); font-family: Arial, 'Arial Unicode MS', Helvetica, sans-serif; font-weight: 400; background-color: rgba(255, 255, 255, 0.597656);\"><font face=\"Tahoma, arial, verdana\" size=\"3\"><br \/><\/font><\/p>\n<p align=\"left\" style=\"background-color: transparent; color: rgb(0, 0, 0); font-family: 'Times New Roman'; font-size: 16px; font-weight: 400; text-align: left;\"><span lang=\"PT-BR\" style=\"font-family: Tahoma, sans-serif; color: #000000;\">Acupuntura tem sido usada por milhares de anos para ajudar no<br \/>\n\t\t\tcontrole da dor, v\u00edcios, n\u00e2useas e v\u00f4mitos e muitos outros&nbsp; supostos<br \/>\n\t\t\tusos. N\u00e3o h\u00e1 muitos bons estudos para registrar a efic\u00e1cia da<br \/>\n\t\t\tacupuntura considerando o controle da dor durante o parto.<br \/>\n\t\t\tTeoricamente, existem mais de 365 pontos ao longo dos 12<br \/>\n\t\t\t\u201cmeridianos\u201d (vias de energia) do corpo. Interrup\u00e7\u00f5es do fluxo de<br \/>\n\t\t\tenergia (cirurgia, parto, etc.) ao longo dos meridianos quebram a<br \/>\n\t\t\tharmonia do corpo produzindo sensa\u00e7\u00f5es de dor ou inquieta\u00e7\u00e3o.<br \/>\n\t\t\tAgulhas muito finas s\u00e3o colocadas em pontos espec\u00edficos para<br \/>\n\t\t\tredirecionar a energia para as vias corretas que tenham sido<br \/>\n\t\t\tinterrompidas pela cirurgia ou parto. A hip\u00f3tese da ci\u00eancia moderna<br \/>\n\t\t\tde como a acupuntura age inclui a interrup\u00e7\u00e3o ou inibi\u00e7\u00e3o dos<br \/>\n\t\t\timpulsos de dor enviados para o c\u00e9rebro ou a estimula\u00e7\u00e3o da produ\u00e7\u00e3o<br \/>\n\t\t\tde analg\u00e9sicos naturais pelo corpo.<\/span><\/p>\n<p align=\"left\" style=\"background-color: transparent; color: #000000; font-family: 'Times New Roman'; font-size: 16px; font-weight: 400; text-align: left;\">\n<p>\t\t\t&nbsp;<\/p>\n<p align=\"left\" style=\"background-color: transparent; color: #000000; font-family: 'Times New Roman'; font-size: 16px; font-weight: 400; text-align: left;\"><b><br \/>\n\t\t\t<span lang=\"PT-BR\" style=\"font-family: Tahoma, sans-serif; color: #000000;\"><br \/>\n\t\t\tT\u00e9cnica<\/span><\/b> <span lang=\"PT-BR\" style=\"font-family: Tahoma, sans-serif; color: #000000;\"><br \/>\n\t\t\t\u2013 agulhas muito finas est\u00e9reis s\u00e3o posicionadas bem debaixo da pele<br \/>\n\t\t\tem pontos estrat\u00e9gicos ao longo do corpo por um acupunturista<br \/>\n\t\t\tprofissional treinado. Essas agulhas s\u00e3o deixadas no lugar por<br \/>\n\t\t\tdiferentes per\u00edodos de tempo e s\u00e3o ferquentemente conectadas a uma<br \/>\n\t\t\tpequena corrente el\u00e9trica para auxiliar no controle da dor.<br \/>\n\t\t\tAcupuntura pode ser feita por diversas semanas antes do trabalho de<br \/>\n\t\t\tparto em sess\u00f5es semanais.<\/span><\/p>\n<p align=\"left\" style=\"background-color: transparent; color: #000000; font-family: 'Times New Roman'; font-size: 16px; font-weight: 400; text-align: left;\"><b><br \/>\n\t\t\t<span lang=\"PT-BR\" style=\"font-family: Tahoma, sans-serif; color: #000000;\"><br \/>\n\t\t\tLimita\u00e7\u00f5es<\/span><\/b><span lang=\"PT-BR\" style=\"font-family: Tahoma, sans-serif; color: #000000;\">&#8211;<br \/>\n\t\t\t<\/span><\/p>\n<p align=\"left\" style=\"background-color: transparent; color: #000000; font-family: 'Times New Roman'; font-size: 16px; font-weight: 400; margin-left: 48px; text-align: left; text-indent: -24px;\">\n\t\t\t<span lang=\"PT-BR\" style=\"font-family: Symbol; font-size: 13.33px; color: #000000;\"><br \/>\n\t\t\t\u00b7&nbsp;&nbsp;&nbsp;&nbsp;&nbsp;&nbsp;&nbsp;&nbsp;<br \/>\n\t\t\t<\/span><br \/>\n\t\t\t<span lang=\"PT-BR\" style=\"font-family: Tahoma, sans-serif; color: #000000;\"><br \/>\n\t\t\tAgulhas precisam<b> <\/b>ser posicionadas por acupunturista<br \/>\n\t\t\tprofissional.<\/span><\/p>\n<p align=\"left\" style=\"background-color: transparent; color: #000000; font-family: 'Times New Roman'; font-size: 16px; font-weight: 400; margin-left: 48px; text-align: left; text-indent: -24px;\">\n\t\t\t<span lang=\"PT-BR\" style=\"font-family: Symbol; font-size: 13.33px; color: #000000;\"><br \/>\n\t\t\t\u00b7&nbsp;&nbsp;&nbsp;&nbsp;&nbsp;&nbsp;&nbsp;&nbsp;<br \/>\n\t\t\t<\/span><br \/>\n\t\t\t<span lang=\"PT-BR\" style=\"font-family: Tahoma, sans-serif; color: #000000;\"><br \/>\n\t\t\tRisco de infec\u00e7\u00e3o no local de inser\u00e7\u00e3o da agulha.<\/span><\/p>\n<p align=\"left\" style=\"background-color: transparent; color: #000000; font-family: 'Times New Roman'; font-size: 16px; font-weight: 400; margin-left: 48px; text-align: left; text-indent: -24px;\">\n\t\t\t<span lang=\"PT-BR\" style=\"font-family: Symbol; font-size: 13.33px; color: #000000;\"><br \/>\n\t\t\t\u00b7&nbsp;&nbsp;&nbsp;&nbsp;&nbsp;&nbsp;&nbsp;&nbsp;<br \/>\n\t\t\t<\/span><br \/>\n\t\t\t<span lang=\"PT-BR\" style=\"font-family: Tahoma, sans-serif; color: #000000;\"><br \/>\n\t\t\tUtiliza\u00e7\u00e3o durante o parto pode limitar a mobilidade da m\u00e3e.<\/span><\/p>\n<p align=\"left\" style=\"background-color: transparent; color: #000000; font-family: 'Times New Roman'; font-size: 16px; font-weight: 400; margin-left: 48px; text-align: left; text-indent: -24px;\">\n\t\t\t<span lang=\"PT-BR\" style=\"font-family: Symbol; font-size: 13.33px; color: #000000;\"><br \/>\n\t\t\t\u00b7&nbsp;&nbsp;&nbsp;&nbsp;&nbsp;&nbsp;&nbsp;&nbsp;<br \/>\n\t\t\t<\/span><br \/>\n\t\t\t<span lang=\"PT-BR\" style=\"font-family: Tahoma, sans-serif; color: #000000;\"><br \/>\n\t\t\tAlguns estudos indicam que a acupuntura pode ser mais eficaz para<br \/>\n\t\t\tn\u00e2useas e v\u00f4mitos no parto do que no al\u00edvio da dor.<\/span><\/p>\n<p align=\"left\" style=\"background-color: transparent; color: #000000; font-family: 'Times New Roman'; font-size: 16px; font-weight: 400; margin-left: 48px; text-align: left; text-indent: -24px;\">\n\t\t\t<span lang=\"PT-BR\" style=\"font-family: Symbol; font-size: 13.33px; color: #000000;\"><br \/>\n\t\t\t\u00b7&nbsp;&nbsp;&nbsp;&nbsp;&nbsp;&nbsp;&nbsp;&nbsp;<br \/>\n\t\t\t<\/span><br \/>\n\t\t\t<span lang=\"PT-BR\" style=\"font-family: Tahoma, sans-serif; color: #000000;\"><br \/>\n\t\t\tAcupuntura n\u00e3o tem demonstrado reduzir a utiliza\u00e7\u00e3o de rem\u00e9dios para<br \/>\n\t\t\tdor ou anestesia regional.<\/span><\/p>\n<p align=\"left\" style=\"background-color: transparent; color: #000000; font-family: 'Times New Roman'; font-size: 16px; font-weight: 400; text-align: left;\">\n\t\t\t<span lang=\"PT-BR\" style=\"font-family: Tahoma, sans-serif; color: #000000;\"><br \/>\n\t\t\tEnquanto a maioria dos estudos n\u00e3o demonstra diferen\u00e7a na produ\u00e7\u00e3o<br \/>\n\t\t\tde endorfinas (analg\u00e9sicos naturais), alguns sugerem que h\u00e1 uma<br \/>\n\t\t\tredu\u00e7\u00e3o do primeiro est\u00e1gio do trabalho de parto quando a acupuntura<br \/>\n\t\t\t\u00e9 administrada atrav\u00e9s de m\u00faltiplas sess\u00f5es diversas semanas antes<br \/>\n\t\t\tdo parto. O relato do 1<sup><span style=\"color: #000000;\">0<\/span><\/sup> est\u00e1gio do trabalho de parto<br \/>\n\t\t\tmais curto pode ser uma informa\u00e7\u00e3o inacurada uma vez que os estudos<br \/>\n\t\t\tutilizados para prov\u00e1-lo n\u00e3o foram consistentes em sua medi\u00e7\u00e3o.<br \/>\n\t\t\tPortanto, ainda \u00e9 necess\u00e1rio que estudos melhores sejam realizados<br \/>\n\t\t\tpara esclarecer essa quest\u00e3o.<\/span><\/p>\n<p align=\"left\" style=\"background-color: transparent; color: #000000; font-family: 'Times New Roman'; font-size: 16px; font-weight: 400; text-align: left;\">&nbsp;<\/p>\n<p align=\"left\" style=\"background-color: transparent; color: #000000; font-family: 'Times New Roman'; font-size: 16px; font-weight: 400; text-align: left;\">\n\t\t\t<span lang=\"PT-BR\" style=\"font-family: Tahoma, sans-serif; color: #000000;\"><br \/>\n\t\t\tEm um estudo sueco recente, acupuntura foi administrada por<br \/>\n\t\t\tparteiras que tiveram um curso de 4 dias de aplica\u00e7\u00e3o de acupuntura<br \/>\n\t\t\tdurante o trabalho de parto. Esse estudo percebeu que \u201cmulheres que<br \/>\n\t\t\treceberam acupuntura precisaram solicitar analgesia peridural<br \/>\n\t\t\tdurante o trabalho de parto pela metade do que se esperava, e foram<br \/>\n\t\t\tmenos suscept\u00edveis a solicitar outros tipos de analg\u00e9sicos, como<br \/>\n\t\t\tterapia com estimula\u00e7\u00e3o de nervo ou bolsa de calor. Entretanto, o<br \/>\n\t\t\ttratamento pareceu n\u00e3o ter efeito significativo sobre quanta dor as<br \/>\n\t\t\tpacientes disseram estar sentindo, de acordo com o relato em um<br \/>\n\t\t\tedi\u00e7\u00e3o recente do <i><span style=\"color: #000000;\">British Journal of Obstetrics and Gynaecology<\/span><\/i>.&#8221;&nbsp;<br \/>\n\t\t\t<\/span><\/p>\n<p align=\"left\" style=\"background-color: transparent; color: #000000; font-family: 'Times New Roman'; font-size: 16px; font-weight: 400; text-align: left;\">&nbsp;<\/p>\n<p align=\"left\" style=\"background-color: transparent; color: #000000; font-family: 'Times New Roman'; font-size: 16px; font-weight: 400; text-align: left;\">\n\t\t\t<span lang=\"PT-BR\" style=\"font-family: Tahoma, sans-serif; color: #000000;\"><br \/>\n\t\t\tAs informa\u00e7\u00f5es acima foram obtidas a partir das publica\u00e7\u00f5es a<br \/>\n\t\t\tseguir. Caso voc\u00ea queira maiores informa\u00e7\u00f5es a respeito de<br \/>\n\t\t\tacupuntura, n\u00f3s sugerimos a leitura de informativos e artigos e a<br \/>\n\t\t\tdiscuss\u00e3o dos mesmos com seu obstetra.<\/span><\/p>\n<p align=\"left\" style=\"background-color: transparent; color: #000000; font-family: 'Times New Roman'; font-size: 16px; font-weight: 400; text-align: left;\">&nbsp;<\/p>\n<p align=\"left\" style=\"background-color: transparent; color: #000000; font-family: 'Times New Roman'; font-size: 16px; font-weight: 400; text-align: left;\"><i><br \/>\n\t\t\t<span lang=\"PT-BR\" style=\"font-family: Tahoma, sans-serif; color: #000000;\"><br \/>\n\t\t\tGorski T, Does Acupuncture Affect Labor and Delivery? Sci Rev Alt<br \/>\n\t\t\tMed 3(1):42-45, 1999. (c) 1999 Prometheus Books&nbsp;<\/span><\/i><\/p>\n<p align=\"left\" style=\"background-color: transparent; color: #000000; font-family: 'Times New Roman'; font-size: 16px; font-weight: 400; text-align: left;\"><i><br \/>\n\t\t\t<span lang=\"PT-BR\" style=\"font-family: Tahoma, sans-serif; color: #000000;\"><br \/>\n\t\t\tRamnero A, Hanson U, Kihlgren M Acupuncture treatment during<br \/>\n\t\t\tlabour&#8211;a randomised controlled trial. BJOG (England), Jun 2002,<br \/>\n\t\t\t109(6) p637-44&nbsp;<\/span><\/i><\/p>\n<p align=\"left\" style=\"background-color: transparent; color: #000000; font-family: 'Times New Roman'; font-size: 16px; font-weight: 400; text-align: left;\"><i><br \/>\n\t\t\t<span lang=\"PT-BR\" style=\"font-family: Tahoma, sans-serif; color: #000000;\"><br \/>\n\t\t\tEappen S, Robbins D., Nonpharmacological means of pain relief for<br \/>\n\t\t\tlabor and delivery, Int Anesthesiol Clini. 2002 Fall; 40(4): 103-14,<br \/>\n\t\t\tReview&nbsp;<\/span><\/i><\/p>\n<p align=\"left\" style=\"background-color: transparent; color: #000000; font-family: 'Times New Roman'; font-size: 16px; font-weight: 400; text-align: left;\"><i><br \/>\n\t\t\t<span lang=\"PT-BR\" style=\"font-family: Tahoma, sans-serif; color: #000000;\"><br \/>\n\t\t\tMurray Enkin, A Guide to Effective Care in Pregnancy and Childbirth,<br \/>\n\t\t\t3rd Ed., Oxford University Press, 2000<\/span><\/i><\/p>\n<p align=\"left\" style=\"background-color: transparent; color: #000000; font-family: 'Times New Roman'; font-size: 16px; font-weight: 400; text-align: left;\"><i><span lang=\"PT-BR\" style=\"font-family: Tahoma, sans-serif; color: #000000;\"><br \/><\/span><\/i><\/p>\n<p align=\"left\" style=\"background-color: transparent; color: rgb(0, 0, 0); font-family: 'Times New Roman'; font-size: 16px; font-weight: 400; text-align: center;\"><a href=\"\/metodos-alternativos-de-alivio-da-dor-durante-o-parto\/estimulacao-eletrica-transcutanea-de-nervos-tens\" target=\"_parent\" rel=\"noopener\">Clique abaixo para ler o pr\u00f3ximo \u00edtem<\/a><span style=\"background-color: transparent; color: rgb(0, 0, 255); font-family: Helvetica, sans-serif; font-weight: 400; text-align: center;\"><\/span><i><span lang=\"PT-BR\" style=\"font-family: Tahoma, sans-serif; color: #000000;\"><br \/><\/span><\/i><\/p>\n<p align=\"left\" style=\"color: rgb(0, 0, 0); font-family: 'Times New Roman'; font-size: medium; font-weight: 400;\"><font face=\"Tahoma, arial, verdana\" size=\"3\"><\/font><\/p>\n<p align=\"left\" style=\"color: rgb(0, 0, 0); font-family: 'Times New Roman'; font-size: medium; font-weight: 400;\"><font face=\"Tahoma, arial, verdana\" size=\"3\"><\/font><\/p>\n<p align=\"left\" style=\"color: rgb(0, 0, 0); font-family: 'Times New Roman'; font-size: medium; font-weight: 400;\"><font face=\"Tahoma, arial, verdana\" size=\"3\"><\/font><\/p>\n<p align=\"left\" style=\"color: rgb(0, 0, 0); font-family: 'Times New Roman'; font-size: medium; font-weight: 400;\"><font face=\"Tahoma, arial, verdana\" size=\"3\"><\/font><\/p>\n<p align=\"left\" style=\"color: rgb(0, 0, 0); font-family: 'Times New Roman'; font-size: medium; font-weight: 400;\"><font face=\"Tahoma, arial, verdana\" size=\"3\"><\/font><\/p>\n<ul style=\"color: rgb(105, 105, 105); font-family: Arial, 'Arial Unicode MS', Helvetica, sans-serif; font-weight: 400; background-color: rgba(255, 255, 255, 0.597656);\">\n<li style=\"font-family: Arial, 'Arial Unicode MS', Helvetica, sans-serif;\"><a href=\"\/metodi-alternativi-per-la-riduzione-del-dolore-durante-il-travaglio\/stimolatori-nervosi-elettrici-transcutanei-tens\" target=\"_parent\" rel=\"noopener\"><\/a><\/li>\n<\/ul>\n<p style=\"text-align: center;\"><a href=\"\/alternative-methods\/transcutaneous-electrical-nerve-stimulation-tens\" target=\"_parent\" rel=\"noopener\"><\/a><a href=\"\/alternative-methods\/transcutaneous-electrical-nerve-stimulation-tens\" target=\"_parent\" rel=\"noopener\"><\/a><\/p>\n","protected":false},"excerpt":{"rendered":"<p>Acupuntura tem sido usada por milhares de anos para ajudar no controle da dor, v\u00edcios, n\u00e2useas e v\u00f4mitos e muitos outros&nbsp; supostos usos. N\u00e3o h\u00e1 muitos bons estudos para registrar a efic\u00e1cia da acupuntura considerando o controle da dor durante o parto. Teoricamente, existem mais de 365 pontos ao longo dos 12 \u201cmeridianos\u201d (vias de&#8230;<\/p>\n<p class=\"more-link-wrap\"><a href=\"https:\/\/painfreebirthing.com\/port\/metodos-alternativos-de-alivio-da-dor-durante-o-parto\/acupuntura\/\" class=\"more-link\">Read More<span class=\"screen-reader-text\"> &ldquo;Acupuntura&rdquo;<\/span> &raquo;<\/a><\/p>\n","protected":false},"author":1,"featured_media":0,"parent":95,"menu_order":14,"comment_status":"closed","ping_status":"closed","template":"","meta":{"footnotes":""},"class_list":["post-100","page","type-page","status-publish","hentry"],"_links":{"self":[{"href":"https:\/\/painfreebirthing.com\/port\/wp-json\/wp\/v2\/pages\/100","targetHints":{"allow":["GET"]}}],"collection":[{"href":"https:\/\/painfreebirthing.com\/port\/wp-json\/wp\/v2\/pages"}],"about":[{"href":"https:\/\/painfreebirthing.com\/port\/wp-json\/wp\/v2\/types\/page"}],"author":[{"embeddable":true,"href":"https:\/\/painfreebirthing.com\/port\/wp-json\/wp\/v2\/users\/1"}],"replies":[{"embeddable":true,"href":"https:\/\/painfreebirthing.com\/port\/wp-json\/wp\/v2\/comments?post=100"}],"version-history":[{"count":0,"href":"https:\/\/painfreebirthing.com\/port\/wp-json\/wp\/v2\/pages\/100\/revisions"}],"up":[{"embeddable":true,"href":"https:\/\/painfreebirthing.com\/port\/wp-json\/wp\/v2\/pages\/95"}],"wp:attachment":[{"href":"https:\/\/painfreebirthing.com\/port\/wp-json\/wp\/v2\/media?parent=100"}],"curies":[{"name":"wp","href":"https:\/\/api.w.org\/{rel}","templated":true}]}}