{"id":94,"date":"2023-07-08T15:26:46","date_gmt":"2023-07-08T15:26:46","guid":{"rendered":"https:\/\/painfreebirthing.com\/itl\/tipi-di-anestesia-regionale-per-ridurre-il-dolore-associato-al-travaglio-e-al-parto\/epidurale-o-spinale-cosa-sono\/"},"modified":"2023-07-08T15:26:46","modified_gmt":"2023-07-08T15:26:46","slug":"epidurale-o-spinale-cosa-sono","status":"publish","type":"page","link":"https:\/\/painfreebirthing.com\/itl\/tipi-di-anestesia-regionale-per-ridurre-il-dolore-associato-al-travaglio-e-al-parto\/epidurale-o-spinale-cosa-sono\/","title":{"rendered":"Epidurale o spinale\u2026    \u2026. Cosa sono?"},"content":{"rendered":"<table>\n<tbody>\n<tr>\n<td align=\"center\" height=\"60\"><span style=\"color: rgb(0, 0, 0); font-family: Tahoma, arial, verdana; font-size: medium; text-align: -webkit-center; \">Cuando el \u00fatero se contrae, los impulsos de dolor viajan desde el \u00fatero hasta el cerebro por v\u00edas nerviosas en la columna vertebral.<\/span><font face=\"Tahoma, arial, verdana\" size=\"3&quot;5&quot;\"><span style=\"font-weight: bold; color: #000000; \"><\/span><\/font><\/td>\n<\/tr>\n<tr>\n<td align=\"center\" height=\"434\" style=\"text-align: center; \"><img loading=\"lazy\" decoding=\"async\" width=\"288\" height=\"432\" alt=\"\" class=\"art-lightbox\" src=\"https:\/\/painfreebirthing.com\/itl\/wp-content\/uploads\/2023\/07\/anat1ppw.gif\"><\/td>\n<\/tr>\n<tr>\n<td align=\"center\" height=\"58\"><span style=\"color: rgb(0, 0, 0); font-family: Tahoma, arial, verdana; font-size: medium; text-align: -webkit-center; \">La anestesia peridural o espinal requiere colocar anest\u00e9sico locales en la columna vertebral con el fin de bloquear los impulsos de dolor que se originan en el \u00fatero.<\/span><font face=\"Tahoma, arial, verdana\" size=\"3\"><span style=\"color: rgb(0, 0, 0); \">.<\/span><\/font><\/td>\n<\/tr>\n<tr>\n<td align=\"center\" height=\"434\" style=\"text-align: center; \"><img loading=\"lazy\" decoding=\"async\" width=\"360\" height=\"432\" alt=\"\" class=\"art-lightbox\" src=\"https:\/\/painfreebirthing.com\/itl\/wp-content\/uploads\/2023\/07\/Copy-of-anat2ppw.gif\"><\/td>\n<\/tr>\n<tr>\n<td align=\"center\" height=\"21\" style=\"text-align: center; \"><span style=\"color: rgb(0, 0, 0); font-family: Tahoma; font-size: medium; font-weight: 400; text-align: -webkit-center; \">Fai un click sotto per l&#8217;argomento successivo<\/span><span style=\"color: rgb(0, 0, 0); font-family: Tahoma, arial, verdana; font-size: medium;\"><a href=\"\/tipi-di-anestesia-regionale-per-ridurre-il-dolore-associato-al-travaglio-e-al-parto\/epidurale-o-spinale-cosa-sono\/colonna-vertebrale\" target=\"_parent\" rel=\"noopener\"> Colonna vertebrale.<\/a><\/span><\/td>\n<\/tr>\n<\/tbody>\n<\/table>\n<p><\/p>\n","protected":false},"excerpt":{"rendered":"<p>Cuando el \u00fatero se contrae, los impulsos de dolor viajan desde el \u00fatero hasta el cerebro por v\u00edas nerviosas en la columna vertebral. La anestesia peridural o espinal requiere colocar anest\u00e9sico locales en la columna vertebral con el fin de bloquear los impulsos de dolor que se originan en el \u00fatero.. Fai un click sotto&#8230;<\/p>\n<p class=\"more-link-wrap\"><a href=\"https:\/\/painfreebirthing.com\/itl\/tipi-di-anestesia-regionale-per-ridurre-il-dolore-associato-al-travaglio-e-al-parto\/epidurale-o-spinale-cosa-sono\/\" class=\"more-link\">Read More<span class=\"screen-reader-text\"> &ldquo;Epidurale o spinale\u2026    \u2026. Cosa sono?&rdquo;<\/span> &raquo;<\/a><\/p>\n","protected":false},"author":1,"featured_media":0,"parent":92,"menu_order":20,"comment_status":"closed","ping_status":"closed","template":"","meta":{"footnotes":""},"class_list":["post-94","page","type-page","status-publish","hentry"],"_links":{"self":[{"href":"https:\/\/painfreebirthing.com\/itl\/wp-json\/wp\/v2\/pages\/94","targetHints":{"allow":["GET"]}}],"collection":[{"href":"https:\/\/painfreebirthing.com\/itl\/wp-json\/wp\/v2\/pages"}],"about":[{"href":"https:\/\/painfreebirthing.com\/itl\/wp-json\/wp\/v2\/types\/page"}],"author":[{"embeddable":true,"href":"https:\/\/painfreebirthing.com\/itl\/wp-json\/wp\/v2\/users\/1"}],"replies":[{"embeddable":true,"href":"https:\/\/painfreebirthing.com\/itl\/wp-json\/wp\/v2\/comments?post=94"}],"version-history":[{"count":0,"href":"https:\/\/painfreebirthing.com\/itl\/wp-json\/wp\/v2\/pages\/94\/revisions"}],"up":[{"embeddable":true,"href":"https:\/\/painfreebirthing.com\/itl\/wp-json\/wp\/v2\/pages\/92"}],"wp:attachment":[{"href":"https:\/\/painfreebirthing.com\/itl\/wp-json\/wp\/v2\/media?parent=94"}],"curies":[{"name":"wp","href":"https:\/\/api.w.org\/{rel}","templated":true}]}}